{"id":748,"date":"2025-03-18T14:40:05","date_gmt":"2025-03-18T13:40:05","guid":{"rendered":"http:\/\/parquetgallery.disstintbeta.com\/politica-de-privacidad-y-cookies\/"},"modified":"2025-04-01T13:39:55","modified_gmt":"2025-04-01T11:39:55","slug":"politica-de-privacidad-y-cookies","status":"publish","type":"page","link":"https:\/\/parquetgallery.com\/ca\/politica-de-privacidad-y-cookies\/","title":{"rendered":"Pol\u00edtica de privacidad y cookies"},"content":{"rendered":"\t\t<div data-elementor-type=\"wp-page\" data-elementor-id=\"748\" class=\"elementor elementor-748 elementor-3\" data-elementor-post-type=\"page\">\n\t\t\t\t<div class=\"elementor-element elementor-element-a762555 e-flex e-con-boxed e-con e-parent\" data-id=\"a762555\" data-element_type=\"container\" data-settings=\"{&quot;background_background&quot;:&quot;classic&quot;}\">\n\t\t\t\t\t<div class=\"e-con-inner\">\n\t\t\t\t<div class=\"elementor-element elementor-element-9b4acbf elementor-widget elementor-widget-heading\" data-id=\"9b4acbf\" data-element_type=\"widget\" data-widget_type=\"heading.default\">\n\t\t\t\t<div class=\"elementor-widget-container\">\n\t\t\t\t\t<h1 class=\"elementor-heading-title elementor-size-default\">Pol\u00edtica de privacidad y cookies<\/h1>\t\t\t\t<\/div>\n\t\t\t\t<\/div>\n\t\t\t\t\t<\/div>\n\t\t\t\t<\/div>\n\t\t<div class=\"elementor-element elementor-element-494f4bc0 e-flex e-con-boxed e-con e-parent\" data-id=\"494f4bc0\" data-element_type=\"container\">\n\t\t\t\t\t<div class=\"e-con-inner\">\n\t\t\t\t<div class=\"elementor-element elementor-element-266dfbe3 elementor-widget elementor-widget-text-editor\" data-id=\"266dfbe3\" data-element_type=\"widget\" data-widget_type=\"text-editor.default\">\n\t\t\t\t<div class=\"elementor-widget-container\">\n\t\t\t\t\t\t\t\t\t<div>Sumario<\/div>\n<div> <\/div>\n<div>Cookies usadas: Propias y de Terceros<\/div>\n<div> <\/div>\n<div>\u00bfSe usan para obtener estad\u00edsticas? S\u00ed<\/div>\n<div> <\/div>\n<div>\u00bfSe usan para publicidad? S\u00ed<\/div>\n<div> <\/div>\n<div>C\u00f3mo configurar y deshabilitar las cookies<\/div>\n<div> <\/div>\n<div>Puedes permitir, bloquear o eliminar las cookies instaladas en tu dispositivo desde tu navegador web. Si no permites la instalaci\u00f3n de cookies en tu dispositivo, puede que la experiencia de navegaci\u00f3n empeore. A continuaci\u00f3n puedes encontrar c\u00f3mo configurar las cookies en cada navegador:<\/div>\n<div> <\/div>\n<div>\u2013 Edge<\/div>\n<div>\u2013 Google Chrome<\/div>\n<div>\u2013 Google Android<\/div>\n<div>\u2013 Internet Explorer 8<\/div>\n<div>\u2013 Internet Explorer 9<\/div>\n<div>\u2013 Internet Explorer 11<\/div>\n<div>\u2013 Mozilla Firefox<\/div>\n<div>\u2013 Opera<\/div>\n<div>\u2013 Safari<\/div>\n<div>\u2013 Safari Mobile<\/div>\n<div>\u2013 Brave<\/div>\n<div> <\/div>\n<div>1.- Tipos y usos<\/div>\n<div> <\/div>\n<div>El servicio usa cookies propias y de terceros para mejorar la navegaci\u00f3n, proporcionar el servicio y obtener estad\u00edsticas sobre el uso de la p\u00e1gina web.<\/div>\n<div> <\/div>\n<div>2.- \u00bfQu\u00e9 es una cookie y para qu\u00e9 sirve?<\/div>\n<div> <\/div>\n<div>Una cookie es un fichero de texto que se env\u00eda al navegador web de tu ordenador, m\u00f3vil o tablet y que sirve para almacenar y recuperar informaci\u00f3n sobre la navegaci\u00f3n realizada. Por ejemplo, recordar tu nombre de usuario y contrase\u00f1a o las preferencias de tu perfil.<\/div>\n<div> <\/div>\n<div>3.- \u00bfQu\u00e9 tipos de cookies hay?<\/div>\n<div> <\/div>\n<div>Seg\u00fan qui\u00e9n las gestiona:<\/div>\n<div> <\/div>\n<div>Cookies propias; se env\u00edan a tu navegador desde nuestros equipos o dominios web.<\/div>\n<div> <\/div>\n<div>Cookies de terceros; se env\u00edan a tu navegador desde un equipo o dominio web que no gestionamos nosotros directamente, sino una tercera entidad como por ejemplo Google.<\/div>\n<div> <\/div>\n<div>En funci\u00f3n del tiempo que est\u00e1n activas, hay:<\/div>\n<div>Cookies de sesi\u00f3n; permanecen en el archivo de cookies de tu navegador hasta que abandonas la p\u00e1gina web, de modo que ninguna queda en tu dispositivo.<\/div>\n<div> <\/div>\n<div>Cookies persistentes; permanecen en tu dispositivo y nuestra web las lee cada vez que realizas una nueva visita. Estas cookies dejan de funcionar pasada una fecha concreta.<\/div>\n<div> <\/div>\n<div>Finalmente, y seg\u00fan su finalidad, tenemos:<\/div>\n<div> <\/div>\n<div>Cookies t\u00e9cnicas; mejoran la navegaci\u00f3n y el buen funcionamiento de la web.<\/div>\n<div> <\/div>\n<div>Cookies de personalizaci\u00f3n; permiten acceder al servicio con unas caracter\u00edsticas predefinidas en funci\u00f3n de una serie de criterios.<\/div>\n<div> <\/div>\n<div>Cookies de an\u00e1lisis; permiten medir y analizar estad\u00edsticamente el uso que se hace del servicio prestado.<\/div>\n<div> <\/div>\n<div>Cookies usadas:<\/div>\n<div> <\/div>\n<div>Nombre Origen Finalidad Tipo Caducidad<\/div>\n<div>fbp_ dominio.com Anal\u00edtica Tercero 3 meses<\/div>\n<div>_fbp dominio.com Anal\u00edtica Tercero 7 d\u00edas<\/div>\t\t\t\t\t\t\t\t<\/div>\n\t\t\t\t<\/div>\n\t\t\t\t\t<\/div>\n\t\t\t\t<\/div>\n\t\t\t\t<\/div>\n\t\t","protected":false},"excerpt":{"rendered":"<p>Pol\u00edtica de privacidad y cookies Sumario Cookies usadas: Propias y de Terceros \u00bfSe usan para obtener estad\u00edsticas? S\u00ed \u00bfSe usan para publicidad? S\u00ed C\u00f3mo configurar y deshabilitar las cookies Puedes permitir, bloquear o eliminar las cookies instaladas en tu dispositivo desde tu navegador web. Si no permites la instalaci\u00f3n de cookies en tu dispositivo, puede [&hellip;]<\/p>\n","protected":false},"author":1,"featured_media":0,"parent":0,"menu_order":0,"comment_status":"closed","ping_status":"closed","template":"","meta":{"footnotes":""},"class_list":["post-748","page","type-page","status-publish","hentry"],"yoast_head":"<!-- This site is optimized with the Yoast SEO plugin v24.8.1 - https:\/\/yoast.com\/wordpress\/plugins\/seo\/ -->\n<title>Pol\u00edtica de privacidad y cookies - Parquet Gallery<\/title>\n<meta name=\"robots\" content=\"noindex, nofollow\" \/>\n<meta property=\"og:locale\" content=\"ca_ES\" \/>\n<meta property=\"og:type\" content=\"article\" \/>\n<meta property=\"og:title\" content=\"Pol\u00edtica de privacidad y cookies - Parquet Gallery\" \/>\n<meta property=\"og:description\" content=\"Pol\u00edtica de privacidad y cookies Sumario Cookies usadas: Propias y de Terceros \u00bfSe usan para obtener estad\u00edsticas? S\u00ed \u00bfSe usan para publicidad? S\u00ed C\u00f3mo configurar y deshabilitar las cookies Puedes permitir, bloquear o eliminar las cookies instaladas en tu dispositivo desde tu navegador web. Si no permites la instalaci\u00f3n de cookies en tu dispositivo, puede [&hellip;]\" \/>\n<meta property=\"og:url\" content=\"https:\/\/parquetgallery.com\/ca\/politica-de-privacidad-y-cookies\/\" \/>\n<meta property=\"og:site_name\" content=\"Parquet Gallery\" \/>\n<meta property=\"article:modified_time\" content=\"2025-04-01T11:39:55+00:00\" \/>\n<meta name=\"twitter:card\" content=\"summary_large_image\" \/>\n<meta name=\"twitter:label1\" content=\"Temps estimat de lectura\" \/>\n\t<meta name=\"twitter:data1\" content=\"2 minuts\" \/>\n<script type=\"application\/ld+json\" class=\"yoast-schema-graph\">{\"@context\":\"https:\/\/schema.org\",\"@graph\":[{\"@type\":\"WebPage\",\"@id\":\"https:\/\/parquetgallery.com\/ca\/politica-de-privacidad-y-cookies\/\",\"url\":\"https:\/\/parquetgallery.com\/ca\/politica-de-privacidad-y-cookies\/\",\"name\":\"Pol\u00edtica de privacidad y cookies - Parquet Gallery\",\"isPartOf\":{\"@id\":\"https:\/\/parquetgallery.com\/ca\/#website\"},\"datePublished\":\"2025-03-18T13:40:05+00:00\",\"dateModified\":\"2025-04-01T11:39:55+00:00\",\"breadcrumb\":{\"@id\":\"https:\/\/parquetgallery.com\/ca\/politica-de-privacidad-y-cookies\/#breadcrumb\"},\"inLanguage\":\"ca\",\"potentialAction\":[{\"@type\":\"ReadAction\",\"target\":[\"https:\/\/parquetgallery.com\/ca\/politica-de-privacidad-y-cookies\/\"]}]},{\"@type\":\"BreadcrumbList\",\"@id\":\"https:\/\/parquetgallery.com\/ca\/politica-de-privacidad-y-cookies\/#breadcrumb\",\"itemListElement\":[{\"@type\":\"ListItem\",\"position\":1,\"name\":\"Portada\",\"item\":\"https:\/\/parquetgallery.com\/ca\/\"},{\"@type\":\"ListItem\",\"position\":2,\"name\":\"Pol\u00edtica de privacidad y cookies\"}]},{\"@type\":\"WebSite\",\"@id\":\"https:\/\/parquetgallery.com\/ca\/#website\",\"url\":\"https:\/\/parquetgallery.com\/ca\/\",\"name\":\"Parquet Gallery\",\"description\":\"\",\"publisher\":{\"@id\":\"https:\/\/parquetgallery.com\/ca\/#organization\"},\"potentialAction\":[{\"@type\":\"SearchAction\",\"target\":{\"@type\":\"EntryPoint\",\"urlTemplate\":\"https:\/\/parquetgallery.com\/ca\/?s={search_term_string}\"},\"query-input\":{\"@type\":\"PropertyValueSpecification\",\"valueRequired\":true,\"valueName\":\"search_term_string\"}}],\"inLanguage\":\"ca\"},{\"@type\":\"Organization\",\"@id\":\"https:\/\/parquetgallery.com\/ca\/#organization\",\"name\":\"Parquet Gallery\",\"url\":\"https:\/\/parquetgallery.com\/ca\/\",\"logo\":{\"@type\":\"ImageObject\",\"inLanguage\":\"ca\",\"@id\":\"https:\/\/parquetgallery.com\/ca\/#\/schema\/logo\/image\/\",\"url\":\"https:\/\/parquetgallery.com\/wp-content\/uploads\/2025\/03\/logo.svg\",\"contentUrl\":\"https:\/\/parquetgallery.com\/wp-content\/uploads\/2025\/03\/logo.svg\",\"width\":177,\"height\":66,\"caption\":\"Parquet Gallery\"},\"image\":{\"@id\":\"https:\/\/parquetgallery.com\/ca\/#\/schema\/logo\/image\/\"}}]}<\/script>\n<!-- \/ Yoast SEO plugin. -->","yoast_head_json":{"title":"Pol\u00edtica de privacidad y cookies - Parquet Gallery","robots":{"index":"noindex","follow":"nofollow"},"og_locale":"ca_ES","og_type":"article","og_title":"Pol\u00edtica de privacidad y cookies - Parquet Gallery","og_description":"Pol\u00edtica de privacidad y cookies Sumario Cookies usadas: Propias y de Terceros \u00bfSe usan para obtener estad\u00edsticas? S\u00ed \u00bfSe usan para publicidad? S\u00ed C\u00f3mo configurar y deshabilitar las cookies Puedes permitir, bloquear o eliminar las cookies instaladas en tu dispositivo desde tu navegador web. Si no permites la instalaci\u00f3n de cookies en tu dispositivo, puede [&hellip;]","og_url":"https:\/\/parquetgallery.com\/ca\/politica-de-privacidad-y-cookies\/","og_site_name":"Parquet Gallery","article_modified_time":"2025-04-01T11:39:55+00:00","twitter_card":"summary_large_image","twitter_misc":{"Temps estimat de lectura":"2 minuts"},"schema":{"@context":"https:\/\/schema.org","@graph":[{"@type":"WebPage","@id":"https:\/\/parquetgallery.com\/ca\/politica-de-privacidad-y-cookies\/","url":"https:\/\/parquetgallery.com\/ca\/politica-de-privacidad-y-cookies\/","name":"Pol\u00edtica de privacidad y cookies - Parquet Gallery","isPartOf":{"@id":"https:\/\/parquetgallery.com\/ca\/#website"},"datePublished":"2025-03-18T13:40:05+00:00","dateModified":"2025-04-01T11:39:55+00:00","breadcrumb":{"@id":"https:\/\/parquetgallery.com\/ca\/politica-de-privacidad-y-cookies\/#breadcrumb"},"inLanguage":"ca","potentialAction":[{"@type":"ReadAction","target":["https:\/\/parquetgallery.com\/ca\/politica-de-privacidad-y-cookies\/"]}]},{"@type":"BreadcrumbList","@id":"https:\/\/parquetgallery.com\/ca\/politica-de-privacidad-y-cookies\/#breadcrumb","itemListElement":[{"@type":"ListItem","position":1,"name":"Portada","item":"https:\/\/parquetgallery.com\/ca\/"},{"@type":"ListItem","position":2,"name":"Pol\u00edtica de privacidad y cookies"}]},{"@type":"WebSite","@id":"https:\/\/parquetgallery.com\/ca\/#website","url":"https:\/\/parquetgallery.com\/ca\/","name":"Parquet Gallery","description":"","publisher":{"@id":"https:\/\/parquetgallery.com\/ca\/#organization"},"potentialAction":[{"@type":"SearchAction","target":{"@type":"EntryPoint","urlTemplate":"https:\/\/parquetgallery.com\/ca\/?s={search_term_string}"},"query-input":{"@type":"PropertyValueSpecification","valueRequired":true,"valueName":"search_term_string"}}],"inLanguage":"ca"},{"@type":"Organization","@id":"https:\/\/parquetgallery.com\/ca\/#organization","name":"Parquet Gallery","url":"https:\/\/parquetgallery.com\/ca\/","logo":{"@type":"ImageObject","inLanguage":"ca","@id":"https:\/\/parquetgallery.com\/ca\/#\/schema\/logo\/image\/","url":"https:\/\/parquetgallery.com\/wp-content\/uploads\/2025\/03\/logo.svg","contentUrl":"https:\/\/parquetgallery.com\/wp-content\/uploads\/2025\/03\/logo.svg","width":177,"height":66,"caption":"Parquet Gallery"},"image":{"@id":"https:\/\/parquetgallery.com\/ca\/#\/schema\/logo\/image\/"}}]}},"_links":{"self":[{"href":"https:\/\/parquetgallery.com\/ca\/wp-json\/wp\/v2\/pages\/748","targetHints":{"allow":["GET"]}}],"collection":[{"href":"https:\/\/parquetgallery.com\/ca\/wp-json\/wp\/v2\/pages"}],"about":[{"href":"https:\/\/parquetgallery.com\/ca\/wp-json\/wp\/v2\/types\/page"}],"author":[{"embeddable":true,"href":"https:\/\/parquetgallery.com\/ca\/wp-json\/wp\/v2\/users\/1"}],"replies":[{"embeddable":true,"href":"https:\/\/parquetgallery.com\/ca\/wp-json\/wp\/v2\/comments?post=748"}],"version-history":[{"count":1,"href":"https:\/\/parquetgallery.com\/ca\/wp-json\/wp\/v2\/pages\/748\/revisions"}],"predecessor-version":[{"id":749,"href":"https:\/\/parquetgallery.com\/ca\/wp-json\/wp\/v2\/pages\/748\/revisions\/749"}],"wp:attachment":[{"href":"https:\/\/parquetgallery.com\/ca\/wp-json\/wp\/v2\/media?parent=748"}],"curies":[{"name":"wp","href":"https:\/\/api.w.org\/{rel}","templated":true}]}}