{"id":714,"date":"2025-03-20T08:55:05","date_gmt":"2025-03-20T07:55:05","guid":{"rendered":"http:\/\/parquetgallery.disstintbeta.com\/els-nostres-serveis\/"},"modified":"2025-04-01T12:49:49","modified_gmt":"2025-04-01T10:49:49","slug":"els-nostres-serveis","status":"publish","type":"page","link":"https:\/\/parquetgallery.com\/ca\/els-nostres-serveis\/","title":{"rendered":"Els nostres serveis"},"content":{"rendered":"\t\t<div data-elementor-type=\"wp-page\" data-elementor-id=\"714\" class=\"elementor elementor-714 elementor-220\" data-elementor-post-type=\"page\">\n\t\t\t\t<div class=\"elementor-element elementor-element-4c06cfb e-con-full e-flex e-con e-parent\" data-id=\"4c06cfb\" data-element_type=\"container\" data-settings=\"{&quot;background_background&quot;:&quot;classic&quot;}\">\n\t\t\t\t<div class=\"elementor-element elementor-element-4a31659 elementor-widget elementor-widget-heading\" data-id=\"4a31659\" data-element_type=\"widget\" data-widget_type=\"heading.default\">\n\t\t\t\t<div class=\"elementor-widget-container\">\n\t\t\t\t\t<h1 class=\"elementor-heading-title elementor-size-default\">Els nostres serveis<\/h1>\t\t\t\t<\/div>\n\t\t\t\t<\/div>\n\t\t\t\t<\/div>\n\t\t<div class=\"elementor-element elementor-element-873c3d0 e-flex e-con-boxed e-con e-parent\" data-id=\"873c3d0\" data-element_type=\"container\" data-settings=\"{&quot;background_background&quot;:&quot;classic&quot;}\">\n\t\t\t\t\t<div class=\"e-con-inner\">\n\t\t\t\t<div class=\"elementor-element elementor-element-218aa4d elementor-widget__width-initial animated-slow elementor-invisible elementor-widget elementor-widget-text-editor\" data-id=\"218aa4d\" data-element_type=\"widget\" data-settings=\"{&quot;_animation&quot;:&quot;fadeIn&quot;}\" data-widget_type=\"text-editor.default\">\n\t\t\t\t<div class=\"elementor-widget-container\">\n\t\t\t\t\t\t\t\t\t<p>Els nostres serveis van des de la possibilitat de dissenyar i fabricar l\u201felement necessari que s\u201fadapti el teu projecte. Verifiquem que la instal\u00b7laci\u00f3 compleixi les condicions necess\u00e0ries per a la seva correcta execuci\u00f3 i ens encarreguem de tot el proc\u00e9s, sempre dins de les indicacions que ens proporcioni i que es reuneixin les condicions adequades per a la correcta instal\u00b7laci\u00f3.<\/p>\n\t\t\t\t\t\t\t\t<\/div>\n\t\t\t\t<\/div>\n\t\t\t\t<div class=\"elementor-element elementor-element-1f873e7 animated-slow elementor-invisible elementor-widget elementor-widget-image\" data-id=\"1f873e7\" data-element_type=\"widget\" data-settings=\"{&quot;_animation&quot;:&quot;fadeIn&quot;,&quot;_animation_delay&quot;:500}\" data-widget_type=\"image.default\">\n\t\t\t\t<div class=\"elementor-widget-container\">\n\t\t\t\t\t\t\t\t\t\t\t\t\t\t\t<img fetchpriority=\"high\" decoding=\"async\" width=\"1220\" height=\"820\" src=\"https:\/\/parquet-gallery.fra1.digitaloceanspaces.com\/wp-content\/uploads\/2025\/03\/section_1_1x.webp\" class=\"attachment-full size-full wp-image-324\" alt=\"Instalaci\u00f3n de parquet Mallorca\" srcset=\"https:\/\/parquet-gallery.fra1.digitaloceanspaces.com\/wp-content\/uploads\/2025\/03\/section_1_1x.webp 1220w, https:\/\/parquet-gallery.fra1.digitaloceanspaces.com\/wp-content\/uploads\/2025\/03\/section_1_1x-300x202.webp 300w, https:\/\/parquet-gallery.fra1.digitaloceanspaces.com\/wp-content\/uploads\/2025\/03\/section_1_1x-1024x688.webp 1024w, https:\/\/parquet-gallery.fra1.digitaloceanspaces.com\/wp-content\/uploads\/2025\/03\/section_1_1x-768x516.webp 768w\" sizes=\"(max-width: 1220px) 100vw, 1220px\" \/>\t\t\t\t\t\t\t\t\t\t\t\t\t\t\t<\/div>\n\t\t\t\t<\/div>\n\t\t\t\t\t<\/div>\n\t\t\t\t<\/div>\n\t\t<div class=\"elementor-element elementor-element-ddd5f57 e-flex e-con-boxed e-con e-parent\" data-id=\"ddd5f57\" data-element_type=\"container\" data-settings=\"{&quot;background_background&quot;:&quot;classic&quot;}\">\n\t\t\t\t\t<div class=\"e-con-inner\">\n\t\t\t\t<div class=\"elementor-element elementor-element-7e27f47 elementor-widget elementor-widget-heading\" data-id=\"7e27f47\" data-element_type=\"widget\" data-widget_type=\"heading.default\">\n\t\t\t\t<div class=\"elementor-widget-container\">\n\t\t\t\t\t<h2 class=\"elementor-heading-title elementor-size-default\">Treballs que realitzem<\/h2>\t\t\t\t<\/div>\n\t\t\t\t<\/div>\n\t\t\t\t\t<\/div>\n\t\t\t\t<\/div>\n\t\t<div class=\"elementor-element elementor-element-e202988 e-flex e-con-boxed e-con e-parent\" data-id=\"e202988\" data-element_type=\"container\" data-settings=\"{&quot;background_background&quot;:&quot;classic&quot;}\">\n\t\t\t\t\t<div class=\"e-con-inner\">\n\t\t<div class=\"elementor-element elementor-element-47833bb e-con-full e-flex e-con e-child\" data-id=\"47833bb\" data-element_type=\"container\">\n\t\t\t\t<div class=\"elementor-element elementor-element-4b1c7b2 elementor-widget elementor-widget-heading\" data-id=\"4b1c7b2\" data-element_type=\"widget\" data-widget_type=\"heading.default\">\n\t\t\t\t<div class=\"elementor-widget-container\">\n\t\t\t\t\t<span class=\"elementor-heading-title elementor-size-default\">I<\/span>\t\t\t\t<\/div>\n\t\t\t\t<\/div>\n\t\t\t\t<div class=\"elementor-element elementor-element-7f06f21 elementor-widget elementor-widget-heading\" data-id=\"7f06f21\" data-element_type=\"widget\" data-widget_type=\"heading.default\">\n\t\t\t\t<div class=\"elementor-widget-container\">\n\t\t\t\t\t<span class=\"elementor-heading-title elementor-size-default\">Instal\u00b7lacions de\n laminats<\/span>\t\t\t\t<\/div>\n\t\t\t\t<\/div>\n\t\t\t\t<\/div>\n\t\t<div class=\"elementor-element elementor-element-cb8307a e-con-full e-flex e-con e-child\" data-id=\"cb8307a\" data-element_type=\"container\">\n\t\t\t\t<div class=\"elementor-element elementor-element-5d4e427 elementor-widget elementor-widget-heading\" data-id=\"5d4e427\" data-element_type=\"widget\" data-widget_type=\"heading.default\">\n\t\t\t\t<div class=\"elementor-widget-container\">\n\t\t\t\t\t<span class=\"elementor-heading-title elementor-size-default\">II<\/span>\t\t\t\t<\/div>\n\t\t\t\t<\/div>\n\t\t\t\t<div class=\"elementor-element elementor-element-9d1f161 elementor-widget elementor-widget-heading\" data-id=\"9d1f161\" data-element_type=\"widget\" data-widget_type=\"heading.default\">\n\t\t\t\t<div class=\"elementor-widget-container\">\n\t\t\t\t\t<span class=\"elementor-heading-title elementor-size-default\">Instal\u00b7lacions de\n encolats<\/span>\t\t\t\t<\/div>\n\t\t\t\t<\/div>\n\t\t\t\t<\/div>\n\t\t<div class=\"elementor-element elementor-element-5e589e1 e-con-full e-flex e-con e-child\" data-id=\"5e589e1\" data-element_type=\"container\">\n\t\t\t\t<div class=\"elementor-element elementor-element-ca3322b elementor-widget elementor-widget-heading\" data-id=\"ca3322b\" data-element_type=\"widget\" data-widget_type=\"heading.default\">\n\t\t\t\t<div class=\"elementor-widget-container\">\n\t\t\t\t\t<span class=\"elementor-heading-title elementor-size-default\">III<\/span>\t\t\t\t<\/div>\n\t\t\t\t<\/div>\n\t\t\t\t<div class=\"elementor-element elementor-element-5c206d9 elementor-widget elementor-widget-heading\" data-id=\"5c206d9\" data-element_type=\"widget\" data-widget_type=\"heading.default\">\n\t\t\t\t<div class=\"elementor-widget-container\">\n\t\t\t\t\t<span class=\"elementor-heading-title elementor-size-default\">Instal\u00b7lacions d'espigues i geom\u00e8trics<\/span>\t\t\t\t<\/div>\n\t\t\t\t<\/div>\n\t\t\t\t<\/div>\n\t\t<div class=\"elementor-element elementor-element-4e2faf8 e-con-full e-flex e-con e-child\" data-id=\"4e2faf8\" data-element_type=\"container\">\n\t\t\t\t<div class=\"elementor-element elementor-element-503deb9 elementor-widget elementor-widget-heading\" data-id=\"503deb9\" data-element_type=\"widget\" data-widget_type=\"heading.default\">\n\t\t\t\t<div class=\"elementor-widget-container\">\n\t\t\t\t\t<span class=\"elementor-heading-title elementor-size-default\">IV<\/span>\t\t\t\t<\/div>\n\t\t\t\t<\/div>\n\t\t\t\t<div class=\"elementor-element elementor-element-1271781 elementor-widget elementor-widget-heading\" data-id=\"1271781\" data-element_type=\"widget\" data-widget_type=\"heading.default\">\n\t\t\t\t<div class=\"elementor-widget-container\">\n\t\t\t\t\t<span class=\"elementor-heading-title elementor-size-default\">Instal\u00b7lem tarimes d'exterior<\/span>\t\t\t\t<\/div>\n\t\t\t\t<\/div>\n\t\t\t\t<\/div>\n\t\t<div class=\"elementor-element elementor-element-eccd87d e-con-full e-flex e-con e-child\" data-id=\"eccd87d\" data-element_type=\"container\">\n\t\t\t\t<div class=\"elementor-element elementor-element-fbfe0e0 elementor-widget elementor-widget-heading\" data-id=\"fbfe0e0\" data-element_type=\"widget\" data-widget_type=\"heading.default\">\n\t\t\t\t<div class=\"elementor-widget-container\">\n\t\t\t\t\t<span class=\"elementor-heading-title elementor-size-default\">V<\/span>\t\t\t\t<\/div>\n\t\t\t\t<\/div>\n\t\t\t\t<div class=\"elementor-element elementor-element-f0dd97c elementor-widget elementor-widget-heading\" data-id=\"f0dd97c\" data-element_type=\"widget\" data-widget_type=\"heading.default\">\n\t\t\t\t<div class=\"elementor-widget-container\">\n\t\t\t\t\t<span class=\"elementor-heading-title elementor-size-default\">Instal\u00b7lacions\n verticals<\/span>\t\t\t\t<\/div>\n\t\t\t\t<\/div>\n\t\t\t\t<\/div>\n\t\t<div class=\"elementor-element elementor-element-53cc5c4 e-con-full e-flex e-con e-child\" data-id=\"53cc5c4\" data-element_type=\"container\">\n\t\t\t\t<div class=\"elementor-element elementor-element-b8815ed elementor-widget elementor-widget-heading\" data-id=\"b8815ed\" data-element_type=\"widget\" data-widget_type=\"heading.default\">\n\t\t\t\t<div class=\"elementor-widget-container\">\n\t\t\t\t\t<span class=\"elementor-heading-title elementor-size-default\">VI<\/span>\t\t\t\t<\/div>\n\t\t\t\t<\/div>\n\t\t\t\t<div class=\"elementor-element elementor-element-dda3026 elementor-widget elementor-widget-heading\" data-id=\"dda3026\" data-element_type=\"widget\" data-widget_type=\"heading.default\">\n\t\t\t\t<div class=\"elementor-widget-container\">\n\t\t\t\t\t<span class=\"elementor-heading-title elementor-size-default\">Instal\u00b7laci\u00f3 de\n escales<\/span>\t\t\t\t<\/div>\n\t\t\t\t<\/div>\n\t\t\t\t<\/div>\n\t\t<div class=\"elementor-element elementor-element-9a14c05 e-con-full e-flex e-con e-child\" data-id=\"9a14c05\" data-element_type=\"container\">\n\t\t\t\t<div class=\"elementor-element elementor-element-93f7c4c elementor-widget elementor-widget-heading\" data-id=\"93f7c4c\" data-element_type=\"widget\" data-widget_type=\"heading.default\">\n\t\t\t\t<div class=\"elementor-widget-container\">\n\t\t\t\t\t<span class=\"elementor-heading-title elementor-size-default\">VII<\/span>\t\t\t\t<\/div>\n\t\t\t\t<\/div>\n\t\t\t\t<div class=\"elementor-element elementor-element-f9b88fe elementor-widget elementor-widget-heading\" data-id=\"f9b88fe\" data-element_type=\"widget\" data-widget_type=\"heading.default\">\n\t\t\t\t<div class=\"elementor-widget-container\">\n\t\t\t\t\t<span class=\"elementor-heading-title elementor-size-default\">Autoanivellants i preparaci\u00f3 de soleres.<\/span>\t\t\t\t<\/div>\n\t\t\t\t<\/div>\n\t\t\t\t<\/div>\n\t\t<div class=\"elementor-element elementor-element-106ee06 e-con-full e-flex e-con e-child\" data-id=\"106ee06\" data-element_type=\"container\">\n\t\t\t\t<div class=\"elementor-element elementor-element-36a38df elementor-widget elementor-widget-heading\" data-id=\"36a38df\" data-element_type=\"widget\" data-widget_type=\"heading.default\">\n\t\t\t\t<div class=\"elementor-widget-container\">\n\t\t\t\t\t<span class=\"elementor-heading-title elementor-size-default\">VIII<\/span>\t\t\t\t<\/div>\n\t\t\t\t<\/div>\n\t\t\t\t<div class=\"elementor-element elementor-element-411344c elementor-widget elementor-widget-heading\" data-id=\"411344c\" data-element_type=\"widget\" data-widget_type=\"heading.default\">\n\t\t\t\t<div class=\"elementor-widget-container\">\n\t\t\t\t\t<span class=\"elementor-heading-title elementor-size-default\">Mamperlan i\n mecanitzats<\/span>\t\t\t\t<\/div>\n\t\t\t\t<\/div>\n\t\t\t\t<\/div>\n\t\t<div class=\"elementor-element elementor-element-8b7bbb6 e-con-full e-flex e-con e-child\" data-id=\"8b7bbb6\" data-element_type=\"container\">\n\t\t\t\t<div class=\"elementor-element elementor-element-d4cb164 elementor-widget elementor-widget-heading\" data-id=\"d4cb164\" data-element_type=\"widget\" data-widget_type=\"heading.default\">\n\t\t\t\t<div class=\"elementor-widget-container\">\n\t\t\t\t\t<span class=\"elementor-heading-title elementor-size-default\">IX<\/span>\t\t\t\t<\/div>\n\t\t\t\t<\/div>\n\t\t\t\t<div class=\"elementor-element elementor-element-40f0263 elementor-widget elementor-widget-heading\" data-id=\"40f0263\" data-element_type=\"widget\" data-widget_type=\"heading.default\">\n\t\t\t\t<div class=\"elementor-widget-container\">\n\t\t\t\t\t<span class=\"elementor-heading-title elementor-size-default\">  Emplantillats especials grans formats<\/span>\t\t\t\t<\/div>\n\t\t\t\t<\/div>\n\t\t\t\t<\/div>\n\t\t<div class=\"elementor-element elementor-element-be9df52 e-con-full e-flex e-con e-child\" data-id=\"be9df52\" data-element_type=\"container\">\n\t\t\t\t<div class=\"elementor-element elementor-element-9c11ba9 elementor-widget elementor-widget-heading\" data-id=\"9c11ba9\" data-element_type=\"widget\" data-widget_type=\"heading.default\">\n\t\t\t\t<div class=\"elementor-widget-container\">\n\t\t\t\t\t<span class=\"elementor-heading-title elementor-size-default\">X<\/span>\t\t\t\t<\/div>\n\t\t\t\t<\/div>\n\t\t\t\t<div class=\"elementor-element elementor-element-2acabc1 elementor-widget elementor-widget-heading\" data-id=\"2acabc1\" data-element_type=\"widget\" data-widget_type=\"heading.default\">\n\t\t\t\t<div class=\"elementor-widget-container\">\n\t\t\t\t\t<span class=\"elementor-heading-title elementor-size-default\">Instal\u00b7laci\u00f3 de panells decoratius i ac\u00fastics  <\/span>\t\t\t\t<\/div>\n\t\t\t\t<\/div>\n\t\t\t\t<\/div>\n\t\t<div class=\"elementor-element elementor-element-dce99ba e-con-full e-flex e-con e-child\" data-id=\"dce99ba\" data-element_type=\"container\">\n\t\t\t\t<div class=\"elementor-element elementor-element-e651983 elementor-widget elementor-widget-heading\" data-id=\"e651983\" data-element_type=\"widget\" data-widget_type=\"heading.default\">\n\t\t\t\t<div class=\"elementor-widget-container\">\n\t\t\t\t\t<span class=\"elementor-heading-title elementor-size-default\">XI<\/span>\t\t\t\t<\/div>\n\t\t\t\t<\/div>\n\t\t\t\t<div class=\"elementor-element elementor-element-d4480dd elementor-widget elementor-widget-heading\" data-id=\"d4480dd\" data-element_type=\"widget\" data-widget_type=\"heading.default\">\n\t\t\t\t<div class=\"elementor-widget-container\">\n\t\t\t\t\t<span class=\"elementor-heading-title elementor-size-default\">Servei\n postvenda<\/span>\t\t\t\t<\/div>\n\t\t\t\t<\/div>\n\t\t\t\t<\/div>\n\t\t\t\t\t<\/div>\n\t\t\t\t<\/div>\n\t\t\t\t<\/div>\n\t\t","protected":false},"excerpt":{"rendered":"<p>Els nostres serveis Els nostres serveis van des de la possibilitat de dissenyar i fabricar l\u201felement necessari que s\u201fadapti el teu projecte. Verifiquem que la instal\u00b7laci\u00f3 compleixi les condicions necess\u00e0ries per a la seva correcta execuci\u00f3 i ens encarreguem de tot el proc\u00e9s, sempre dins de les indicacions que ens proporcioni i que es reuneixin [&hellip;]<\/p>\n","protected":false},"author":1,"featured_media":0,"parent":0,"menu_order":0,"comment_status":"closed","ping_status":"closed","template":"","meta":{"footnotes":""},"class_list":["post-714","page","type-page","status-publish","hentry"],"yoast_head":"<!-- This site is optimized with the Yoast SEO plugin v24.8.1 - https:\/\/yoast.com\/wordpress\/plugins\/seo\/ -->\n<title>Serveis | Parquet Gallery<\/title>\n<meta name=\"description\" content=\"A Parquet Gallery oferim assessorament, instal\u00b7laci\u00f3 i manteniment de terres i solucions en pedra i fusta, amb dedicaci\u00f3 i atenci\u00f3 personalitzada.\" \/>\n<meta name=\"robots\" content=\"index, follow, max-snippet:-1, max-image-preview:large, max-video-preview:-1\" \/>\n<link rel=\"canonical\" href=\"https:\/\/parquetgallery.com\/ca\/els-nostres-serveis\/\" \/>\n<meta property=\"og:locale\" content=\"ca_ES\" \/>\n<meta property=\"og:type\" content=\"article\" \/>\n<meta property=\"og:title\" content=\"Serveis | Parquet Gallery\" \/>\n<meta property=\"og:description\" content=\"A Parquet Gallery oferim assessorament, instal\u00b7laci\u00f3 i manteniment de terres i solucions en pedra i fusta, amb dedicaci\u00f3 i atenci\u00f3 personalitzada.\" \/>\n<meta property=\"og:url\" content=\"https:\/\/parquetgallery.com\/ca\/els-nostres-serveis\/\" \/>\n<meta property=\"og:site_name\" content=\"Parquet Gallery\" \/>\n<meta property=\"article:modified_time\" content=\"2025-04-01T10:49:49+00:00\" \/>\n<meta property=\"og:image\" content=\"http:\/\/parquetgallery.disstintbeta.com\/wp-content\/uploads\/2025\/03\/section_1_1x.webp\" \/>\n<meta name=\"twitter:card\" content=\"summary_large_image\" \/>\n<meta name=\"twitter:label1\" content=\"Temps estimat de lectura\" \/>\n\t<meta name=\"twitter:data1\" content=\"1 minut\" \/>\n<script type=\"application\/ld+json\" class=\"yoast-schema-graph\">{\"@context\":\"https:\/\/schema.org\",\"@graph\":[{\"@type\":\"WebPage\",\"@id\":\"https:\/\/parquetgallery.com\/ca\/els-nostres-serveis\/\",\"url\":\"https:\/\/parquetgallery.com\/ca\/els-nostres-serveis\/\",\"name\":\"Serveis | Parquet Gallery\",\"isPartOf\":{\"@id\":\"https:\/\/parquetgallery.com\/ca\/#website\"},\"primaryImageOfPage\":{\"@id\":\"https:\/\/parquetgallery.com\/ca\/els-nostres-serveis\/#primaryimage\"},\"image\":{\"@id\":\"https:\/\/parquetgallery.com\/ca\/els-nostres-serveis\/#primaryimage\"},\"thumbnailUrl\":\"http:\/\/parquetgallery.disstintbeta.com\/wp-content\/uploads\/2025\/03\/section_1_1x.webp\",\"datePublished\":\"2025-03-20T07:55:05+00:00\",\"dateModified\":\"2025-04-01T10:49:49+00:00\",\"description\":\"A Parquet Gallery oferim assessorament, instal\u00b7laci\u00f3 i manteniment de terres i solucions en pedra i fusta, amb dedicaci\u00f3 i atenci\u00f3 personalitzada.\",\"breadcrumb\":{\"@id\":\"https:\/\/parquetgallery.com\/ca\/els-nostres-serveis\/#breadcrumb\"},\"inLanguage\":\"ca\",\"potentialAction\":[{\"@type\":\"ReadAction\",\"target\":[\"https:\/\/parquetgallery.com\/ca\/els-nostres-serveis\/\"]}]},{\"@type\":\"ImageObject\",\"inLanguage\":\"ca\",\"@id\":\"https:\/\/parquetgallery.com\/ca\/els-nostres-serveis\/#primaryimage\",\"url\":\"http:\/\/parquetgallery.disstintbeta.com\/wp-content\/uploads\/2025\/03\/section_1_1x.webp\",\"contentUrl\":\"http:\/\/parquetgallery.disstintbeta.com\/wp-content\/uploads\/2025\/03\/section_1_1x.webp\"},{\"@type\":\"BreadcrumbList\",\"@id\":\"https:\/\/parquetgallery.com\/ca\/els-nostres-serveis\/#breadcrumb\",\"itemListElement\":[{\"@type\":\"ListItem\",\"position\":1,\"name\":\"Portada\",\"item\":\"https:\/\/parquetgallery.com\/ca\/\"},{\"@type\":\"ListItem\",\"position\":2,\"name\":\"Els nostres serveis\"}]},{\"@type\":\"WebSite\",\"@id\":\"https:\/\/parquetgallery.com\/ca\/#website\",\"url\":\"https:\/\/parquetgallery.com\/ca\/\",\"name\":\"Parquet Gallery\",\"description\":\"\",\"publisher\":{\"@id\":\"https:\/\/parquetgallery.com\/ca\/#organization\"},\"potentialAction\":[{\"@type\":\"SearchAction\",\"target\":{\"@type\":\"EntryPoint\",\"urlTemplate\":\"https:\/\/parquetgallery.com\/ca\/?s={search_term_string}\"},\"query-input\":{\"@type\":\"PropertyValueSpecification\",\"valueRequired\":true,\"valueName\":\"search_term_string\"}}],\"inLanguage\":\"ca\"},{\"@type\":\"Organization\",\"@id\":\"https:\/\/parquetgallery.com\/ca\/#organization\",\"name\":\"Parquet Gallery\",\"url\":\"https:\/\/parquetgallery.com\/ca\/\",\"logo\":{\"@type\":\"ImageObject\",\"inLanguage\":\"ca\",\"@id\":\"https:\/\/parquetgallery.com\/ca\/#\/schema\/logo\/image\/\",\"url\":\"https:\/\/parquetgallery.com\/wp-content\/uploads\/2025\/03\/logo.svg\",\"contentUrl\":\"https:\/\/parquetgallery.com\/wp-content\/uploads\/2025\/03\/logo.svg\",\"width\":177,\"height\":66,\"caption\":\"Parquet Gallery\"},\"image\":{\"@id\":\"https:\/\/parquetgallery.com\/ca\/#\/schema\/logo\/image\/\"}}]}<\/script>\n<!-- \/ Yoast SEO plugin. -->","yoast_head_json":{"title":"Serveis | Parquet Gallery","description":"A Parquet Gallery oferim assessorament, instal\u00b7laci\u00f3 i manteniment de terres i solucions en pedra i fusta, amb dedicaci\u00f3 i atenci\u00f3 personalitzada.","robots":{"index":"index","follow":"follow","max-snippet":"max-snippet:-1","max-image-preview":"max-image-preview:large","max-video-preview":"max-video-preview:-1"},"canonical":"https:\/\/parquetgallery.com\/ca\/els-nostres-serveis\/","og_locale":"ca_ES","og_type":"article","og_title":"Serveis | Parquet Gallery","og_description":"A Parquet Gallery oferim assessorament, instal\u00b7laci\u00f3 i manteniment de terres i solucions en pedra i fusta, amb dedicaci\u00f3 i atenci\u00f3 personalitzada.","og_url":"https:\/\/parquetgallery.com\/ca\/els-nostres-serveis\/","og_site_name":"Parquet Gallery","article_modified_time":"2025-04-01T10:49:49+00:00","og_image":[{"url":"http:\/\/parquetgallery.disstintbeta.com\/wp-content\/uploads\/2025\/03\/section_1_1x.webp","type":"","width":"","height":""}],"twitter_card":"summary_large_image","twitter_misc":{"Temps estimat de lectura":"1 minut"},"schema":{"@context":"https:\/\/schema.org","@graph":[{"@type":"WebPage","@id":"https:\/\/parquetgallery.com\/ca\/els-nostres-serveis\/","url":"https:\/\/parquetgallery.com\/ca\/els-nostres-serveis\/","name":"Serveis | Parquet Gallery","isPartOf":{"@id":"https:\/\/parquetgallery.com\/ca\/#website"},"primaryImageOfPage":{"@id":"https:\/\/parquetgallery.com\/ca\/els-nostres-serveis\/#primaryimage"},"image":{"@id":"https:\/\/parquetgallery.com\/ca\/els-nostres-serveis\/#primaryimage"},"thumbnailUrl":"http:\/\/parquetgallery.disstintbeta.com\/wp-content\/uploads\/2025\/03\/section_1_1x.webp","datePublished":"2025-03-20T07:55:05+00:00","dateModified":"2025-04-01T10:49:49+00:00","description":"A Parquet Gallery oferim assessorament, instal\u00b7laci\u00f3 i manteniment de terres i solucions en pedra i fusta, amb dedicaci\u00f3 i atenci\u00f3 personalitzada.","breadcrumb":{"@id":"https:\/\/parquetgallery.com\/ca\/els-nostres-serveis\/#breadcrumb"},"inLanguage":"ca","potentialAction":[{"@type":"ReadAction","target":["https:\/\/parquetgallery.com\/ca\/els-nostres-serveis\/"]}]},{"@type":"ImageObject","inLanguage":"ca","@id":"https:\/\/parquetgallery.com\/ca\/els-nostres-serveis\/#primaryimage","url":"http:\/\/parquetgallery.disstintbeta.com\/wp-content\/uploads\/2025\/03\/section_1_1x.webp","contentUrl":"http:\/\/parquetgallery.disstintbeta.com\/wp-content\/uploads\/2025\/03\/section_1_1x.webp"},{"@type":"BreadcrumbList","@id":"https:\/\/parquetgallery.com\/ca\/els-nostres-serveis\/#breadcrumb","itemListElement":[{"@type":"ListItem","position":1,"name":"Portada","item":"https:\/\/parquetgallery.com\/ca\/"},{"@type":"ListItem","position":2,"name":"Els nostres serveis"}]},{"@type":"WebSite","@id":"https:\/\/parquetgallery.com\/ca\/#website","url":"https:\/\/parquetgallery.com\/ca\/","name":"Parquet Gallery","description":"","publisher":{"@id":"https:\/\/parquetgallery.com\/ca\/#organization"},"potentialAction":[{"@type":"SearchAction","target":{"@type":"EntryPoint","urlTemplate":"https:\/\/parquetgallery.com\/ca\/?s={search_term_string}"},"query-input":{"@type":"PropertyValueSpecification","valueRequired":true,"valueName":"search_term_string"}}],"inLanguage":"ca"},{"@type":"Organization","@id":"https:\/\/parquetgallery.com\/ca\/#organization","name":"Parquet Gallery","url":"https:\/\/parquetgallery.com\/ca\/","logo":{"@type":"ImageObject","inLanguage":"ca","@id":"https:\/\/parquetgallery.com\/ca\/#\/schema\/logo\/image\/","url":"https:\/\/parquetgallery.com\/wp-content\/uploads\/2025\/03\/logo.svg","contentUrl":"https:\/\/parquetgallery.com\/wp-content\/uploads\/2025\/03\/logo.svg","width":177,"height":66,"caption":"Parquet Gallery"},"image":{"@id":"https:\/\/parquetgallery.com\/ca\/#\/schema\/logo\/image\/"}}]}},"_links":{"self":[{"href":"https:\/\/parquetgallery.com\/ca\/wp-json\/wp\/v2\/pages\/714","targetHints":{"allow":["GET"]}}],"collection":[{"href":"https:\/\/parquetgallery.com\/ca\/wp-json\/wp\/v2\/pages"}],"about":[{"href":"https:\/\/parquetgallery.com\/ca\/wp-json\/wp\/v2\/types\/page"}],"author":[{"embeddable":true,"href":"https:\/\/parquetgallery.com\/ca\/wp-json\/wp\/v2\/users\/1"}],"replies":[{"embeddable":true,"href":"https:\/\/parquetgallery.com\/ca\/wp-json\/wp\/v2\/comments?post=714"}],"version-history":[{"count":1,"href":"https:\/\/parquetgallery.com\/ca\/wp-json\/wp\/v2\/pages\/714\/revisions"}],"predecessor-version":[{"id":715,"href":"https:\/\/parquetgallery.com\/ca\/wp-json\/wp\/v2\/pages\/714\/revisions\/715"}],"wp:attachment":[{"href":"https:\/\/parquetgallery.com\/ca\/wp-json\/wp\/v2\/media?parent=714"}],"curies":[{"name":"wp","href":"https:\/\/api.w.org\/{rel}","templated":true}]}}